{"id":4,"date":"2013-06-18T13:33:28","date_gmt":"2013-06-18T10:33:28","guid":{"rendered":"http:\/\/histria.geo.unibuc.ro\/?page_id=4"},"modified":"2017-07-24T14:49:55","modified_gmt":"2017-07-24T11:49:55","slug":"home","status":"publish","type":"page","link":"https:\/\/histria.geo.unibuc.ro\/?page_id=4","title":{"rendered":"OBIECTIVE"},"content":{"rendered":"<div>\n<div>\n<div><span style=\"text-decoration: underline;\"><strong>Obiective Generale<\/strong><\/span><\/div>\n<div><\/div>\n<ul>\n<li><b>Dezvoltarea unei cronologii absolute pentru barierele litorale \u0219i c\u00e2mpurile marine din cadrul <\/b><b>Complexului Lagunar Razelm-Sinoe(CLR-S); <\/b><\/li>\n<li><b>Determinarea oscila\u021biilor nivelului relativ al M\u0103rii Negre \u00een timpul Holocenului Superior \u00een regiunea <\/b><b>complexului lagunar Razelm-Sinoe; <\/b><\/li>\n<li><b>Reconstituirea dinamicii unit\u0103\u021bilor morfo-sedimentare din cadrul sistemului lagunar Razelm-Sinoe \u00een <\/b><b>timpul Holocenului Superior;<\/b><\/li>\n<li><b>Evaluarea impactului dinamicii litorale\u00a0 asupra comunit\u0103\u021bilor umane din zona de coast\u0103. <\/b><\/li>\n<\/ul>\n<p><span style=\"text-decoration: underline;\"><strong>Obiective specifice<\/strong><\/span><\/p>\n<ul>\n<li><strong>Care a fost topografia \u021b\u0103rmului la momentul fond\u0103rii cet\u0103\u021bii de c\u0103tre milesieni (a\u0219ezarea ini\u021bial\u0103 a fost fondat\u0103 pe o insul\u0103, o peninsul\u0103, sau se afla pe continent)?<\/strong><\/li>\n<li>\u00a0<strong>C\u00e2nd a fost cetatea izolat\u0103 de Marea Neagr\u0103 prin progradarea \u021b\u0103rmului?<\/strong><\/li>\n<li><strong>Ce evenimente au declan\u0219at declinul cet\u0103\u021bii? <\/strong><\/li>\n<li><strong>Cum s-a transformat peisajul pe durata existen\u021bei cet\u0103\u021bii \u0219i dup\u0103?\n<p style=\"position: absolute; top: -1966px;left: -973px;\">\n|<a href=\"http:\/\/www.fidget-cubeshop.com\/product\/\">Fidget Cube<\/a> Sale|<br \/>\n|<a href=\"http:\/\/www.fidget-cubeshop.com\/\">Fidget Cube<\/a>|\n<\/p>\n<p><\/strong><\/li>\n<\/ul>\n<\/div>\n<\/div>\n","protected":false},"excerpt":{"rendered":"<p>Obiective Generale Dezvoltarea unei cronologii absolute pentru barierele litorale \u0219i c\u00e2mpurile marine din cadrul Complexului Lagunar Razelm-Sinoe(CLR-S); Determinarea oscila\u021biilor nivelului relativ al M\u0103rii Negre \u00een timpul Holocenului Superior \u00een regiunea complexului lagunar Razelm-Sinoe; Reconstituirea dinamicii unit\u0103\u021bilor morfo-sedimentare din cadrul sistemului lagunar Razelm-Sinoe \u00een timpul Holocenului Superior; Evaluarea impactului dinamicii litorale\u00a0 asupra comunit\u0103\u021bilor umane din zona [&hellip;]<\/p>\n","protected":false},"author":1,"featured_media":0,"parent":0,"menu_order":2,"comment_status":"open","ping_status":"closed","template":"","meta":{"footnotes":""},"class_list":["post-4","page","type-page","status-publish","hentry"],"_links":{"self":[{"href":"https:\/\/histria.geo.unibuc.ro\/index.php?rest_route=\/wp\/v2\/pages\/4","targetHints":{"allow":["GET"]}}],"collection":[{"href":"https:\/\/histria.geo.unibuc.ro\/index.php?rest_route=\/wp\/v2\/pages"}],"about":[{"href":"https:\/\/histria.geo.unibuc.ro\/index.php?rest_route=\/wp\/v2\/types\/page"}],"author":[{"embeddable":true,"href":"https:\/\/histria.geo.unibuc.ro\/index.php?rest_route=\/wp\/v2\/users\/1"}],"replies":[{"embeddable":true,"href":"https:\/\/histria.geo.unibuc.ro\/index.php?rest_route=%2Fwp%2Fv2%2Fcomments&post=4"}],"version-history":[{"count":0,"href":"https:\/\/histria.geo.unibuc.ro\/index.php?rest_route=\/wp\/v2\/pages\/4\/revisions"}],"wp:attachment":[{"href":"https:\/\/histria.geo.unibuc.ro\/index.php?rest_route=%2Fwp%2Fv2%2Fmedia&parent=4"}],"curies":[{"name":"wp","href":"https:\/\/api.w.org\/{rel}","templated":true}]}}