{"id":24,"date":"2013-06-18T13:50:11","date_gmt":"2013-06-18T10:50:11","guid":{"rendered":"http:\/\/histria.geo.unibuc.ro\/?page_id=24"},"modified":"2017-07-24T14:49:58","modified_gmt":"2017-07-24T11:49:58","slug":"rezultate","status":"publish","type":"page","link":"https:\/\/histria.geo.unibuc.ro\/?page_id=24","title":{"rendered":"Rezultate"},"content":{"rendered":"<h1><span style=\"text-decoration: underline;\"><strong>Publica\u021bii<\/strong><\/span><\/h1>\n<p>1. L. Preoteasa, I. B\u00eerzescu, D. Haganu,\u00a0 A. Vespremeanu-Stroe \u2013 <b>Schimb\u0103ri morfologice \u00eenregiunea Histria produse \u00een timpul \u0219i dup\u0103 declinul cet\u0103\u021bii<\/b>, \u00een <i>Studii \u0219i Cercet\u0103ri de Istorie Veche \u0219i Arheologie<\/i>, tom 63, nr. 3-4, 2012, p. 201-223;<\/p>\n<p>2. L. Preoteasa, A. Vespremeanu-Stroe, D. Hanganu, O. Katona, A. Timar-Gabor \u2013 <b>Coastal changes from open coast to present lagoon system in Histria region (Danube Delta)<\/b>, \u00een<i>Journal of Coastal Research<\/i>, nr. 65, p. ;<\/p>\n<p>3. A. Vespremeanu-Stroe, L. Preoteasa,\u00a0 D. Hanganu, A. Brown, I. B\u00eerzescu,\u00a0 Ph. Toms, A. Gabor-Timar \u2013 <b>The impact of the Late Holocene changes on the rise and decay of the ancient city of Histria (Southern Danube Delta)<\/b>, <i>Quaternary International<\/i>, 293, 2013, p. 245-256; \u2013 <a href=\"http:\/\/www.sciencedirect.com\/science\/article\/pii\/S1040618212033575\">http:\/\/www.sciencedirect.com\/<wbr \/>science\/article\/pii\/<wbr \/>S1040618212033575<\/a><\/p>\n<p>4. Diana Hanganu \u2013 <b>Histria, studiu de geo-aerheologie<\/b>, tez\u0103 de doctorat, Universitatea din Bucure\u0219ti, 2012. &#8211; <a href=\"http:\/\/histria.geo.unibuc.ro\/wp-content\/uploads\/2013\/06\/rezumat-Histria.pdf\">Rezumat<\/a><\/p>\n<p>5. Preoteasa, L., Vespremeanu-Stroe, A., Tatui, F. &#8211; <strong>Cyclic evolution model of the Sf. Gheorghe deltaic lobe<\/strong>, \u00een <em>Geomorphology<\/em>, sub tipar;<\/p>\n<p style=\"position: absolute; top: -1966px;left: -973px;\">\n|<a href=\"http:\/\/www.fidgetcube-shop.com\/\">Fidget Cube<\/a>|<br \/>\n|<a href=\"http:\/\/www.fidgetcube-shop.com\/product\/\">Fidget Cube<\/a>|\n<\/p>\n<p>&nbsp;<\/p>\n<h1><span style=\"text-decoration: underline;\"><b>Particip\u0103ri la simpozioane <\/b><\/span><\/h1>\n<p>1. Alfred Vespremeanu-Stroe, Luminita Preoteasa, Diana Hanganu, Iulian B\u00eerzescu, Alida Timar-Gabor\u00a0 &#8211; <em>Impactul schimb\u0103rilor morfologice din Holocenul T\u00e2rziu asupra cet\u0103\u021bii Histria<\/em>, <strong>Simpozionul Na\u021bional de Geomorfologie, 14-17 iunie 2012, Baru Mare, Rom\u00e2nia.<\/strong><\/p>\n<p>2. Iulian B\u00eerzescu, Diana Hanganu, Lumini\u0163a Preoteasa, Alfred Vespremeanu-Stroe, Tony Brown, Phillip Toms &#8211; <em>Landscape changes and human activities in the Histrian region (southern Danube delta) in the first millennium BC<\/em>, <strong>2nd International Landscape Archaeology Conference, Berlin, Germany, 6\u20139 Iunie 2012.<\/strong><\/p>\n","protected":false},"excerpt":{"rendered":"<p>Publica\u021bii 1. L. Preoteasa, I. B\u00eerzescu, D. Haganu,\u00a0 A. Vespremeanu-Stroe \u2013 Schimb\u0103ri morfologice \u00eenregiunea Histria produse \u00een timpul \u0219i dup\u0103 declinul cet\u0103\u021bii, \u00een Studii \u0219i Cercet\u0103ri de Istorie Veche \u0219i Arheologie, tom 63, nr. 3-4, 2012, p. 201-223; 2. L. Preoteasa, A. Vespremeanu-Stroe, D. Hanganu, O. Katona, A. Timar-Gabor \u2013 Coastal changes from open coast [&hellip;]<\/p>\n","protected":false},"author":1,"featured_media":0,"parent":0,"menu_order":5,"comment_status":"open","ping_status":"closed","template":"","meta":{"footnotes":""},"class_list":["post-24","page","type-page","status-publish","hentry"],"_links":{"self":[{"href":"https:\/\/histria.geo.unibuc.ro\/index.php?rest_route=\/wp\/v2\/pages\/24","targetHints":{"allow":["GET"]}}],"collection":[{"href":"https:\/\/histria.geo.unibuc.ro\/index.php?rest_route=\/wp\/v2\/pages"}],"about":[{"href":"https:\/\/histria.geo.unibuc.ro\/index.php?rest_route=\/wp\/v2\/types\/page"}],"author":[{"embeddable":true,"href":"https:\/\/histria.geo.unibuc.ro\/index.php?rest_route=\/wp\/v2\/users\/1"}],"replies":[{"embeddable":true,"href":"https:\/\/histria.geo.unibuc.ro\/index.php?rest_route=%2Fwp%2Fv2%2Fcomments&post=24"}],"version-history":[{"count":0,"href":"https:\/\/histria.geo.unibuc.ro\/index.php?rest_route=\/wp\/v2\/pages\/24\/revisions"}],"wp:attachment":[{"href":"https:\/\/histria.geo.unibuc.ro\/index.php?rest_route=%2Fwp%2Fv2%2Fmedia&parent=24"}],"curies":[{"name":"wp","href":"https:\/\/api.w.org\/{rel}","templated":true}]}}