{"id":121,"date":"2013-06-30T11:40:30","date_gmt":"2013-06-30T08:40:30","guid":{"rendered":"http:\/\/histria.geo.unibuc.ro\/?page_id=121"},"modified":"2017-07-24T14:50:03","modified_gmt":"2017-07-24T11:50:03","slug":"harti-maps","status":"publish","type":"page","link":"https:\/\/histria.geo.unibuc.ro\/?page_id=121","title":{"rendered":"H\u0103r\u021bi \/ Maps"},"content":{"rendered":"<p><strong>1. Transformarea morfologic\u0103 a zonei costiere din jurul cet\u0103\u021bii Histria \u00een ultimii 5500 de ani; Morphological changes at Histria during the last 5500yrs.<\/strong><\/p>\n<p><a href=\"http:\/\/histria.geo.unibuc.ro\/wp-content\/uploads\/2013\/06\/harta1.jpg\"><img loading=\"lazy\" decoding=\"async\" class=\"aligncenter size-full wp-image-122\" alt=\"harta1\" src=\"http:\/\/histria.geo.unibuc.ro\/wp-content\/uploads\/2013\/06\/harta1.jpg\" width=\"1060\" height=\"912\" srcset=\"https:\/\/histria.geo.unibuc.ro\/wp-content\/uploads\/2013\/06\/harta1.jpg 1060w, https:\/\/histria.geo.unibuc.ro\/wp-content\/uploads\/2013\/06\/harta1-300x258.jpg 300w, https:\/\/histria.geo.unibuc.ro\/wp-content\/uploads\/2013\/06\/harta1-1024x881.jpg 1024w, https:\/\/histria.geo.unibuc.ro\/wp-content\/uploads\/2013\/06\/harta1-624x536.jpg 624w\" sizes=\"auto, (max-width: 1060px) 100vw, 1060px\" \/><\/a><\/p>\n<p><strong>2. Evolu\u021bia regiunii Histria \u00een ultimele 3 secole \u00eenaintea coloniz\u0103rii umane; Evolution of the Histria area in the last 3 centuries before human colonization.<\/strong><\/p>\n<p><a href=\"http:\/\/histria.geo.unibuc.ro\/wp-content\/uploads\/2013\/06\/evobefore-col.jpg\"><img loading=\"lazy\" decoding=\"async\" class=\"aligncenter size-full wp-image-127\" alt=\"evobefore col\" src=\"http:\/\/histria.geo.unibuc.ro\/wp-content\/uploads\/2013\/06\/evobefore-col.jpg\" width=\"1416\" height=\"572\" srcset=\"https:\/\/histria.geo.unibuc.ro\/wp-content\/uploads\/2013\/06\/evobefore-col.jpg 1416w, https:\/\/histria.geo.unibuc.ro\/wp-content\/uploads\/2013\/06\/evobefore-col-300x121.jpg 300w, https:\/\/histria.geo.unibuc.ro\/wp-content\/uploads\/2013\/06\/evobefore-col-1024x413.jpg 1024w, https:\/\/histria.geo.unibuc.ro\/wp-content\/uploads\/2013\/06\/evobefore-col-624x252.jpg 624w\" sizes=\"auto, (max-width: 1416px) 100vw, 1416px\" \/><\/a><\/p>\n<p><strong>3. Pozi\u021bia principalelor carote fa\u021b\u0103 de zidurile cet\u0103\u021bii Histria; The position of the main cores within the ancient city walls.<\/strong><\/p>\n<p><a href=\"http:\/\/histria.geo.unibuc.ro\/wp-content\/uploads\/2013\/06\/walls-and-cores.jpg\"><img loading=\"lazy\" decoding=\"async\" class=\"aligncenter size-full wp-image-130\" alt=\"walls and cores\" src=\"http:\/\/histria.geo.unibuc.ro\/wp-content\/uploads\/2013\/06\/walls-and-cores.jpg\" width=\"741\" height=\"772\" srcset=\"https:\/\/histria.geo.unibuc.ro\/wp-content\/uploads\/2013\/06\/walls-and-cores.jpg 741w, https:\/\/histria.geo.unibuc.ro\/wp-content\/uploads\/2013\/06\/walls-and-cores-287x300.jpg 287w, https:\/\/histria.geo.unibuc.ro\/wp-content\/uploads\/2013\/06\/walls-and-cores-624x650.jpg 624w\" sizes=\"auto, (max-width: 741px) 100vw, 741px\" \/><\/a><\/p>\n<p><strong>4. Planul cet\u0103\u021bii Histria; Map of the ancient city of Histria.<\/strong><\/p>\n<p><a href=\"http:\/\/histria.geo.unibuc.ro\/wp-content\/uploads\/2013\/06\/\u24b8Institutul-de-Arheologie-Vasile-Pa\u0302rvan.jpg\"><img loading=\"lazy\" decoding=\"async\" class=\"aligncenter size-full wp-image-144\" alt=\"\u24b8Institutul de Arheologie Vasile Pa\u0302rvan\" src=\"http:\/\/histria.geo.unibuc.ro\/wp-content\/uploads\/2013\/06\/\u24b8Institutul-de-Arheologie-Vasile-Pa\u0302rvan.jpg\" width=\"8232\" height=\"6032\" srcset=\"https:\/\/histria.geo.unibuc.ro\/wp-content\/uploads\/2013\/06\/\u24b8Institutul-de-Arheologie-Vasile-Pa\u0302rvan.jpg 8232w, https:\/\/histria.geo.unibuc.ro\/wp-content\/uploads\/2013\/06\/\u24b8Institutul-de-Arheologie-Vasile-Pa\u0302rvan-300x219.jpg 300w, https:\/\/histria.geo.unibuc.ro\/wp-content\/uploads\/2013\/06\/\u24b8Institutul-de-Arheologie-Vasile-Pa\u0302rvan-1024x750.jpg 1024w, https:\/\/histria.geo.unibuc.ro\/wp-content\/uploads\/2013\/06\/\u24b8Institutul-de-Arheologie-Vasile-Pa\u0302rvan-624x457.jpg 624w\" sizes=\"auto, (max-width: 8232px) 100vw, 8232px\" \/><\/a><\/p>\n","protected":false},"excerpt":{"rendered":"<p>1. Transformarea morfologic\u0103 a zonei costiere din jurul cet\u0103\u021bii Histria \u00een ultimii 5500 de ani; Morphological changes at Histria during the last 5500yrs. 2. Evolu\u021bia regiunii Histria \u00een ultimele 3 secole \u00eenaintea coloniz\u0103rii umane; Evolution of the Histria area in the last 3 centuries before human colonization. 3. Pozi\u021bia principalelor carote fa\u021b\u0103 de zidurile cet\u0103\u021bii [&hellip;]<\/p>\n","protected":false},"author":1,"featured_media":0,"parent":0,"menu_order":8,"comment_status":"open","ping_status":"open","template":"","meta":{"footnotes":""},"class_list":["post-121","page","type-page","status-publish","hentry"],"_links":{"self":[{"href":"https:\/\/histria.geo.unibuc.ro\/index.php?rest_route=\/wp\/v2\/pages\/121","targetHints":{"allow":["GET"]}}],"collection":[{"href":"https:\/\/histria.geo.unibuc.ro\/index.php?rest_route=\/wp\/v2\/pages"}],"about":[{"href":"https:\/\/histria.geo.unibuc.ro\/index.php?rest_route=\/wp\/v2\/types\/page"}],"author":[{"embeddable":true,"href":"https:\/\/histria.geo.unibuc.ro\/index.php?rest_route=\/wp\/v2\/users\/1"}],"replies":[{"embeddable":true,"href":"https:\/\/histria.geo.unibuc.ro\/index.php?rest_route=%2Fwp%2Fv2%2Fcomments&post=121"}],"version-history":[{"count":0,"href":"https:\/\/histria.geo.unibuc.ro\/index.php?rest_route=\/wp\/v2\/pages\/121\/revisions"}],"wp:attachment":[{"href":"https:\/\/histria.geo.unibuc.ro\/index.php?rest_route=%2Fwp%2Fv2%2Fmedia&parent=121"}],"curies":[{"name":"wp","href":"https:\/\/api.w.org\/{rel}","templated":true}]}}